{"id":108,"date":"2015-05-17T13:55:36","date_gmt":"2015-05-17T13:55:36","guid":{"rendered":"http:\/\/www.brandes-innovation.com\/?page_id=108"},"modified":"2015-08-07T09:37:19","modified_gmt":"2015-08-07T09:37:19","slug":"team","status":"publish","type":"page","link":"https:\/\/www.brandes-innovation.com\/?page_id=108","title":{"rendered":"Team"},"content":{"rendered":"<h3>Ronald Brandes,<\/h3>\n<p>ist der Gr\u00fcnder und Initiator von Brandes Innovation.<br \/>\nRonald Brandes studierte Elektrotechnik an der\u00a0Fachhochschule Wilhelmshaven, gefolgt von einem Studium der Betriebswirtschaft an der Uni Bremen.<\/p>\n<h3>Kurze Stationen:<\/h3>\n<ul>\n<li>Projektmanager f\u00fcr Kommunikationseinrichtungen<\/li>\n<li>Gesch\u00e4ftsf\u00fchrender Gesellschafter\u00a0der ENKO Hard- und Softwareentwicklung GmbH.<\/li>\n<li>Gr\u00fcndung und Gesch\u00e4ftsf\u00fchrung der ENKO Automotive GmbH.<\/li>\n<li>Gr\u00fcndung der Fa. ENKO Entwicklung GmbH &amp; Co KG.<\/li>\n<\/ul>\n<blockquote><p>Motto: Bew\u00e4hrtes erhalten \u2013 Neues gestalten.<\/p><\/blockquote>\n<p>Im Zuge der laufenden Forschung- und \u00a0Entwicklungsarbeiten \u00fcbernahm Ronald Brandes mehrere Lehrauftr\u00e4ge an der Jadehochschule, sowie die Leitung mehrer Projektgruppen an der Jadehochschule.<\/p>\n<p>Die enge Vernetzung von Wirtschaft und akademischen Zentren, die Verkn\u00fcpfung von Ideen, Technologien und Entwicklungen zu echten Innovationen,<br \/>\nist die erkl\u00e4rte Leidenschaft des 59-j\u00e4hrigen.<\/p>\n<p>Dar\u00fcber hinaus ist Ronald Brandes der Pr\u00e4sident der<br \/>\nInteressenvertretung<a href=\"http:\/\/www.ic-roffhausen.de\" target=\"_blank\"> &#8222;IndustrieClub Roffhausen e.V.&#8220;<\/a><\/p>\n<hr \/>\n<h3><\/h3>\n","protected":false},"excerpt":{"rendered":"<p>Wir bilden projektabh\u00e4ngig Teams. <br \/>Das Kernteam stellen wir Ihnen an dieser Stelle vor: <\/p>\n","protected":false},"author":1,"featured_media":157,"parent":0,"menu_order":0,"comment_status":"open","ping_status":"open","template":"","meta":{"footnotes":""},"class_list":["post-108","page","type-page","status-publish","has-post-thumbnail","hentry"],"_links":{"self":[{"href":"https:\/\/www.brandes-innovation.com\/index.php?rest_route=\/wp\/v2\/pages\/108","targetHints":{"allow":["GET"]}}],"collection":[{"href":"https:\/\/www.brandes-innovation.com\/index.php?rest_route=\/wp\/v2\/pages"}],"about":[{"href":"https:\/\/www.brandes-innovation.com\/index.php?rest_route=\/wp\/v2\/types\/page"}],"author":[{"embeddable":true,"href":"https:\/\/www.brandes-innovation.com\/index.php?rest_route=\/wp\/v2\/users\/1"}],"replies":[{"embeddable":true,"href":"https:\/\/www.brandes-innovation.com\/index.php?rest_route=%2Fwp%2Fv2%2Fcomments&post=108"}],"version-history":[{"count":15,"href":"https:\/\/www.brandes-innovation.com\/index.php?rest_route=\/wp\/v2\/pages\/108\/revisions"}],"predecessor-version":[{"id":219,"href":"https:\/\/www.brandes-innovation.com\/index.php?rest_route=\/wp\/v2\/pages\/108\/revisions\/219"}],"wp:featuredmedia":[{"embeddable":true,"href":"https:\/\/www.brandes-innovation.com\/index.php?rest_route=\/wp\/v2\/media\/157"}],"wp:attachment":[{"href":"https:\/\/www.brandes-innovation.com\/index.php?rest_route=%2Fwp%2Fv2%2Fmedia&parent=108"}],"curies":[{"name":"wp","href":"https:\/\/api.w.org\/{rel}","templated":true}]}}